{"id":301,"date":"2024-01-26T13:07:34","date_gmt":"2024-01-26T12:07:34","guid":{"rendered":"https:\/\/relaunch.xtrade-gmbh.de\/?page_id=301"},"modified":"2025-12-16T17:43:28","modified_gmt":"2025-12-16T16:43:28","slug":"","status":"publish","type":"page","link":"https:\/\/xtrade-gmbh.de\/it\/impressum\/","title":{"rendered":"","raw":""},"content":{"rendered":"\n<p>X-Trade GmbH<br>K\u00f6rbelitzer Str. 7<br>39126 Magdeburg<br>Germania<\/p>\n\n\n\n<p style=\"font-size:20px\">Telefono: +49 (0) 391 \/ 819 019 09<br>Fax: +49 (0) 391 \/ 819 019 01<br>Email: <a href=\"mailto:info@xtrade-gmbh.de\">info@xtrade-gmbh.de<\/a><\/p>\n\n\n\n<p>Amministratori Delegati: Ren\u00e9 Buhe, Sascha Rosenau<br>Direttore IT: Gunnar Borchardt<br>Registro Commerciale: Amtsgericht Stendal HRB 115136<br>Partita IVA secondo \u00a727 a della legge tedesca sull&#8217;IVA: DE814628905<\/p>\n\n\n\n<div style=\"height:100px\" aria-hidden=\"true\" class=\"wp-block-spacer\"><\/div>\n","protected":false,"raw":"<!-- wp:paragraph -->\n<p>X-Trade GmbH<br>K\u00f6rbelitzer Str. 7<br>39126 Magdeburg<br>Germania<\/p>\n<!-- \/wp:paragraph -->\n\n<!-- wp:paragraph {\"style\":{\"typography\":{\"fontSize\":\"20px\"}}} -->\n<p style=\"font-size:20px\">Telefono: +49 (0) 391 \/ 819 019 09<br>Fax: +49 (0) 391 \/ 819 019 01<br>Email: <a href=\"mailto:info@xtrade-gmbh.de\">info@xtrade-gmbh.de<\/a><\/p>\n<!-- \/wp:paragraph -->\n\n<!-- wp:paragraph -->\n<p>Amministratori Delegati: Ren\u00e9 Buhe, Sascha Rosenau<br>Direttore IT: Gunnar Borchardt<br>Registro Commerciale: Amtsgericht Stendal HRB 115136<br>Partita IVA secondo \u00a727 a della legge tedesca sull'IVA: DE814628905<\/p>\n<!-- \/wp:paragraph -->\n\n<!-- wp:spacer -->\n<div style=\"height:100px\" aria-hidden=\"true\" class=\"wp-block-spacer\"><\/div>\n<!-- \/wp:spacer -->"},"excerpt":{"rendered":"","protected":false,"raw":""},"author":1,"featured_media":0,"parent":0,"menu_order":0,"comment_status":"closed","ping_status":"closed","template":"page.php","meta":{"inline_featured_image":false,"_de_post_content":"<!-- wp:paragraph -->\n<p>X-Trade GmbH<br>K\u00f6rbelitzer Str. 7<br>39126 Magdeburg<br>Deutschland<\/p>\n<!-- \/wp:paragraph -->\n\n<!-- wp:paragraph {\"style\":{\"typography\":{\"fontSize\":\"20px\"}}} -->\n<p style=\"font-size:20px\">Telefon: +49 (0) 391 \/ 819 019 09<br>Fax: +49 (0) 391 \/ 819 019 01<br>E-Mail:&nbsp;<a href=\"mailto:info@xtrade-gmbh.de\">info@xtrade-gmbh.de<\/a><\/p>\n<!-- \/wp:paragraph -->\n\n<!-- wp:paragraph -->\n<p>Gesch\u00e4ftsf\u00fchrer: Sascha Rosenau, Thomas H\u00f6\u00df<br>Handelsregister: Amtsgericht Stendal HRB 115136<br>USt.-ID. gem\u00e4\u00df \u00a727 a Umsatzsteuergesetz: DE814628905<\/p>\n<!-- \/wp:paragraph -->\n\n<!-- wp:paragraph -->\n<p>Wirtschafts-Identifikationsnummer gem\u00e4\u00df \u00a71 (2) i.V.m. \u00a7 3 (1) der Wirtschafts-Identifikationsnummer-Verordnung: DE814628905-00001<\/p>\n<!-- \/wp:paragraph -->\n\n<!-- wp:spacer -->\n<div style=\"height:100px\" aria-hidden=\"true\" class=\"wp-block-spacer\"><\/div>\n<!-- \/wp:spacer -->\n\n<!-- wp:paragraph -->\n<p><\/p>\n<!-- \/wp:paragraph -->","_de_post_name":"impressum","_de_post_excerpt":"","_de_post_title":"Impressum","_en_post_content":"<!-- wp:paragraph -->\n<p>X-Trade GmbH<br>K\u00f6rbelitzer Str. 7<br>39126 Magdeburg<br>Germany<\/p>\n<!-- \/wp:paragraph -->\n\n<!-- wp:paragraph {\"style\":{\"typography\":{\"fontSize\":\"20px\"}}} -->\n<p style=\"font-size:20px\">Phone: +49 (0) 391 \/ 819 019 09<br>Fax: +49 (0) 391 \/ 819 019 01<br>Email: <a href=\"mailto:info@xtrade-gmbh.de\">info@xtrade-gmbh.de<\/a><\/p>\n<!-- \/wp:paragraph -->\n\n<!-- wp:paragraph -->\n<p>Managing Directors: Ren\u00e9 Buhe, Sascha Rosenau, Thomas H\u00f6\u00df<br>IT Managing Director: Gunnar Borchardt<br>Commercial Register: District Court Stendal HRB 115136<br>VAT ID No. pursuant to \u00a727 a VAT Act: DE814628905<\/p>\n<!-- \/wp:paragraph -->\n\n<!-- wp:spacer -->\n<div style=\"height:100px\" aria-hidden=\"true\" class=\"wp-block-spacer\"><\/div>\n<!-- \/wp:spacer -->","_en_post_name":"","_en_post_excerpt":"","_en_post_title":"Imprint","_fr_post_content":"<!-- wp:paragraph -->\n<p>X-Trade GmbH<br>K\u00f6rbelitzer Str. 7<br>39126 Magdeburg<br>Allemagne<\/p>\n<!-- \/wp:paragraph -->\n\n<!-- wp:paragraph {\"style\":{\"typography\":{\"fontSize\":\"20px\"}}} -->\n<p style=\"font-size:20px\">T\u00e9l\u00e9phone : +49 (0) 391 \/ 819 019 09<br>Fax : +49 (0) 391 \/ 819 019 01<br>Courriel : info@xtrade-gmbh.de<\/p>\n<!-- \/wp:paragraph -->\n\n<!-- wp:paragraph -->\n<p>Directeurs G\u00e9n\u00e9raux : Ren\u00e9 Buhe, Sascha Rosenau<br>Directeur de l'IT : Gunnar Borchardt<br>Registre du Commerce : Amtsgericht Stendal HRB 115136<br>Num\u00e9ro de TVA selon \u00a727 a de la Loi Allemande sur la TVA : DE814628905<\/p>\n<!-- \/wp:paragraph -->\n\n<!-- wp:spacer -->\n<div style=\"height:100px\" aria-hidden=\"true\" class=\"wp-block-spacer\"><\/div>\n<!-- \/wp:spacer -->","_fr_post_name":"","_fr_post_excerpt":"","_fr_post_title":"Empreinte","_it_post_content":"<!-- wp:paragraph -->\n<p>X-Trade GmbH<br>K\u00f6rbelitzer Str. 7<br>39126 Magdeburg<br>Germania<\/p>\n<!-- \/wp:paragraph -->\n\n<!-- wp:paragraph {\"style\":{\"typography\":{\"fontSize\":\"20px\"}}} -->\n<p style=\"font-size:20px\">Telefono: +49 (0) 391 \/ 819 019 09<br>Fax: +49 (0) 391 \/ 819 019 01<br>Email: <a href=\"mailto:info@xtrade-gmbh.de\">info@xtrade-gmbh.de<\/a><\/p>\n<!-- \/wp:paragraph -->\n\n<!-- wp:paragraph -->\n<p>Amministratori Delegati: Ren\u00e9 Buhe, Sascha Rosenau<br>Direttore IT: Gunnar Borchardt<br>Registro Commerciale: Amtsgericht Stendal HRB 115136<br>Partita IVA secondo \u00a727 a della legge tedesca sull'IVA: DE814628905<\/p>\n<!-- \/wp:paragraph -->\n\n<!-- wp:spacer -->\n<div style=\"height:100px\" aria-hidden=\"true\" class=\"wp-block-spacer\"><\/div>\n<!-- \/wp:spacer -->","_it_post_name":"","_it_post_excerpt":"","_it_post_title":"","_es_post_content":"<!-- wp:paragraph -->\n<p>X-Trade GmbH<br>K\u00f6rbelitzer Str. 7<br>39126 Magdeburg<br>Alemania<\/p>\n<!-- \/wp:paragraph -->\n\n<!-- wp:paragraph {\"style\":{\"typography\":{\"fontSize\":\"20px\"}}} -->\n<p style=\"font-size:20px\">Tel\u00e9fono: +49 (0) 391 \/ 819 019 09<br>Fax: +49 (0) 391 \/ 819 019 01<br>Correo electr\u00f3nico: <a href=\"mailto:info@xtrade-gmbh.de\">info@xtrade-gmbh.de<\/a><\/p>\n<!-- \/wp:paragraph -->\n\n<!-- wp:paragraph -->\n<p>Directores Generales: Ren\u00e9 Buhe, Sascha Rosenau<br>Director de TI: Gunnar Borchardt<br>Registro Comercial: Amtsgericht Stendal HRB 115136<br>ID de IVA seg\u00fan \u00a727 a Ley Alemana del IVA: DE814628905<\/p>\n<!-- \/wp:paragraph -->\n\n<!-- wp:spacer -->\n<div style=\"height:100px\" aria-hidden=\"true\" class=\"wp-block-spacer\"><\/div>\n<!-- \/wp:spacer -->","_es_post_name":"","_es_post_excerpt":"","_es_post_title":"Huella","_pt_post_content":"<!-- wp:paragraph -->\n<p>X-Trade GmbH<br>K\u00f6rbelitzer Str. 7<br>39126 Magdeburg<br>Alemanha<\/p>\n<!-- \/wp:paragraph -->\n\n<!-- wp:paragraph {\"style\":{\"typography\":{\"fontSize\":\"20px\"}}} -->\n<p style=\"font-size:20px\">Telefone: +49 (0) 391 \/ 819 019 09<br>Fax: +49 (0) 391 \/ 819 019 01<br>Email: <a href=\"mailto:info@xtrade-gmbh.de\">info@xtrade-gmbh.de<\/a><\/p>\n<!-- \/wp:paragraph -->\n\n<!-- wp:paragraph -->\n<p>Diretores Gerentes: Ren\u00e9 Buhe, Sascha Rosenau<br>Diretor Gerente de TI: Gunnar Borchardt<br>Registro Comercial: Amtsgericht Stendal HRB 115136<br>Identifica\u00e7\u00e3o do IVA de acordo com o \u00a727 a da Lei Alem\u00e3 do IVA: DE814628905<\/p>\n<!-- \/wp:paragraph -->\n\n<!-- wp:spacer -->\n<div style=\"height:100px\" aria-hidden=\"true\" class=\"wp-block-spacer\"><\/div>\n<!-- \/wp:spacer -->","_pt_post_name":"","_pt_post_excerpt":"","_pt_post_title":"Impress\u00e3o","_tr_post_content":"<!-- wp:paragraph -->\n<p>X-Trade GmbH<br>K\u00f6rbelitzer Str. 7<br>39126 Magdeburg<br>Almanya<\/p>\n<!-- \/wp:paragraph -->\n\n<!-- wp:paragraph {\"style\":{\"typography\":{\"fontSize\":\"20px\"}}} -->\n<p style=\"font-size:20px\">Telefon: +49 (0) 391 \/ 819 019 09<br>Faks: +49 (0) 391 \/ 819 019 01<br>Eposta: <a href=\"mailto:info@xtrade-gmbh.de\">info@xtrade-gmbh.de<\/a><\/p>\n<!-- \/wp:paragraph -->\n\n<!-- wp:paragraph -->\n<p>Genel M\u00fcd\u00fcrler: Ren\u00e9 Buhe, Sascha Rosenau<br>BT Genel M\u00fcd\u00fcr\u00fc: Gunnar Borchardt<br>Ticaret Sicili: Stendal B\u00f6lge Mahkemesi HRB 115136<br>KDV No. \u00a727 a KDV Yasas\u0131na g\u00f6re: DE814628905<\/p>\n<!-- \/wp:paragraph -->\n\n<!-- wp:spacer -->\n<div style=\"height:100px\" aria-hidden=\"true\" class=\"wp-block-spacer\"><\/div>\n<!-- \/wp:spacer -->","_tr_post_name":"","_tr_post_excerpt":"","_tr_post_title":"K\u00fcnye","edit_language":"it","footnotes":""},"class_list":["post-301","page","type-page","status-publish","hentry"],"_links":{"self":[{"href":"https:\/\/xtrade-gmbh.de\/it\/wp-json\/wp\/v2\/pages\/301","targetHints":{"allow":["GET"]}}],"collection":[{"href":"https:\/\/xtrade-gmbh.de\/it\/wp-json\/wp\/v2\/pages"}],"about":[{"href":"https:\/\/xtrade-gmbh.de\/it\/wp-json\/wp\/v2\/types\/page"}],"author":[{"embeddable":true,"href":"https:\/\/xtrade-gmbh.de\/it\/wp-json\/wp\/v2\/users\/1"}],"replies":[{"embeddable":true,"href":"https:\/\/xtrade-gmbh.de\/it\/wp-json\/wp\/v2\/comments?post=301"}],"version-history":[{"count":7,"href":"https:\/\/xtrade-gmbh.de\/it\/wp-json\/wp\/v2\/pages\/301\/revisions"}],"predecessor-version":[{"id":817,"href":"https:\/\/xtrade-gmbh.de\/it\/wp-json\/wp\/v2\/pages\/301\/revisions\/817"}],"wp:attachment":[{"href":"https:\/\/xtrade-gmbh.de\/it\/wp-json\/wp\/v2\/media?parent=301"}],"curies":[{"name":"wp","href":"https:\/\/api.w.org\/{rel}","templated":true}]}}